{"id":5,"date":"2013-05-19T16:05:29","date_gmt":"2013-05-19T14:05:29","guid":{"rendered":"http:\/\/zz.netglob.com.pl\/?page_id=5"},"modified":"2013-11-03T22:04:44","modified_gmt":"2013-11-03T21:04:44","slug":"warsztat","status":"publish","type":"page","link":"https:\/\/zz.netglob.com.pl\/index.php\/warsztat\/","title":{"rendered":"Warsztat"},"content":{"rendered":"<p>Warsztat zajmuje powierzchni\u0119 350 m2. Posiadamy bogaty park maszynowy<br \/>\n(m.in. pras\u0119 hydrauliczn\u0105, format\u00f3wk\u0119, wiertark\u0119 wielowrzecionow\u0105, pi\u0142\u0119 ta\u015bmow\u0105, szlifierk\u0119<br \/>\nsto\u0142ow\u0105, grubo\u015bci\u00f3wk\u0119), w\u0142asn\u0105 lakierni\u0119 i przede wszystkim wykwalifikowanych pracownik\u00f3w.<br \/>\nStosujemy nast\u0119puj\u0105ce materia\u0142y: drewno, oklein\u0119 drewnian\u0105, p\u0142yt\u0119 laminowan\u0105 oraz malowany MDF.<\/p>\n<div id=\"gallery-1\" class=\"gallery galleryid-1 default columns_4 gallery-columns-4  gallery-size-thumbnail \">\n<dl class=\"gallery-item gallery-startcol\">\n\t<dt class=\"gallery-icon\">\t\t\t<img loading=\"lazy\" decoding=\"async\" src=\"https:\/\/zz.netglob.com.pl\/wp-content\/uploads\/2013\/05\/473-150x150.jpg\" width=\"150\" height=\"150\" title=\"Warsztat ZZ\" class=\"attachment-thumbnail\" alt=\"Warsztat ZZ\" \/>\t<\/dt>\n\t<\/dl>\n<dl class=\"gallery-item\">\n\t<dt class=\"gallery-icon\">\t\t\t<img loading=\"lazy\" decoding=\"async\" src=\"https:\/\/zz.netglob.com.pl\/wp-content\/uploads\/2013\/05\/471-150x150.jpg\" width=\"150\" height=\"150\" title=\"Warsztat ZZ\" class=\"attachment-thumbnail\" alt=\"Warsztat ZZ\" \/>\t<\/dt>\n\t<\/dl>\n<dl class=\"gallery-item\">\n\t<dt class=\"gallery-icon\">\t\t\t<img loading=\"lazy\" decoding=\"async\" src=\"https:\/\/zz.netglob.com.pl\/wp-content\/uploads\/2013\/05\/57545654110947404-150x150.png\" width=\"150\" height=\"150\" title=\"Warsztat ZZ\" class=\"attachment-thumbnail\" alt=\"Warsztat ZZ\" \/>\t<\/dt>\n\t<\/dl>\n<dl class=\"gallery-item gallery-endcol\">\n\t<dt class=\"gallery-icon\">\t\t\t<img loading=\"lazy\" decoding=\"async\" src=\"https:\/\/zz.netglob.com.pl\/wp-content\/uploads\/2013\/05\/11691204247C5B360F-150x150.png\" width=\"150\" height=\"150\" title=\"Warsztat ZZ\" class=\"attachment-thumbnail\" alt=\"Warsztat ZZ\" \/>\t<\/dt>\n\t<\/dl>\n\n<br class='clear' \/>\n\n\n<\/div>\n","protected":false},"excerpt":{"rendered":"<p>Warsztat zajmuje powierzchni\u0119 350 m2. Posiadamy bogaty park maszynowy (m.in. pras\u0119 hydrauliczn\u0105, format\u00f3wk\u0119, wiertark\u0119 wielowrzecionow\u0105, pi\u0142\u0119 ta\u015bmow\u0105, szlifierk\u0119 sto\u0142ow\u0105, grubo\u015bci\u00f3wk\u0119), w\u0142asn\u0105 lakierni\u0119 i przede wszystkim wykwalifikowanych pracownik\u00f3w. Stosujemy nast\u0119puj\u0105ce materia\u0142y: drewno, oklein\u0119 drewnian\u0105, p\u0142yt\u0119 laminowan\u0105 oraz malowany MDF.<\/p>\n","protected":false},"author":1,"featured_media":0,"parent":0,"menu_order":0,"comment_status":"closed","ping_status":"open","template":"","meta":{"footnotes":""},"class_list":["post-5","page","type-page","status-publish","hentry"],"_links":{"self":[{"href":"https:\/\/zz.netglob.com.pl\/index.php\/wp-json\/wp\/v2\/pages\/5","targetHints":{"allow":["GET"]}}],"collection":[{"href":"https:\/\/zz.netglob.com.pl\/index.php\/wp-json\/wp\/v2\/pages"}],"about":[{"href":"https:\/\/zz.netglob.com.pl\/index.php\/wp-json\/wp\/v2\/types\/page"}],"author":[{"embeddable":true,"href":"https:\/\/zz.netglob.com.pl\/index.php\/wp-json\/wp\/v2\/users\/1"}],"replies":[{"embeddable":true,"href":"https:\/\/zz.netglob.com.pl\/index.php\/wp-json\/wp\/v2\/comments?post=5"}],"version-history":[{"count":0,"href":"https:\/\/zz.netglob.com.pl\/index.php\/wp-json\/wp\/v2\/pages\/5\/revisions"}],"wp:attachment":[{"href":"https:\/\/zz.netglob.com.pl\/index.php\/wp-json\/wp\/v2\/media?parent=5"}],"curies":[{"name":"wp","href":"https:\/\/api.w.org\/{rel}","templated":true}]}}